{"id":173,"date":"2025-08-28T23:00:14","date_gmt":"2025-08-28T23:00:14","guid":{"rendered":"https:\/\/opiekadziennapoznan.pl\/?page_id=173"},"modified":"2025-08-29T09:07:21","modified_gmt":"2025-08-29T09:07:21","slug":"standardy-ochrony-maloletnich","status":"publish","type":"page","link":"https:\/\/opiekadziennapoznan.pl\/index.php\/standardy-ochrony-maloletnich\/","title":{"rendered":"Standardy ochrony ma\u0142oletnich"},"content":{"rendered":"<section class=\"bde-section-173-100 bde-section\">\n  \n  \n\t\n\n\n\n<div class=\"section-container\"><h2 class=\"bde-heading-173-101 bde-heading\">\nStandardy ochrony ma\u0142oletnich\n<\/h2><\/div>\n<\/section><section class=\"bde-section-173-102 bde-section\">\n  \n  \n\t\n\n\n\n<div class=\"section-container\"><div class=\"bde-rich-text-173-103 bde-rich-text breakdance-rich-text-styles\">\n<h4 style=\"text-align: center;\">Opiekun Dzienny Dominika Ratajczak<\/h4>\n<h4 style=\"text-align: center;\"><br \/>Wst\u0119p<\/h4>\n<p style=\"text-align: left;\"><br \/>Dobro i bezpiecze\u0144stwo ma\u0142oletnich przebywaj\u0105cych u opiekuna dziennego Dominiki Ratajczak s\u0105 priorytetem wszelkich dzia\u0142a\u0144 podejmowanych przez opiekuna dziennego na rzecz ma\u0142oletnich. Opiekun dzienny traktuje ka\u017cde dziecko z szacunkiem oraz uwzgl\u0119dnia jego potrzeby. Realizuj\u0105c zadania opiekuna dziennego, dzia\u0142a w ramach obowi\u0105zuj\u0105cego prawa oraz w ramach posiadanych kompetencji. Niedopuszczalne jest, by opiekun dzienny stosowa\u0142 wobec ma\u0142oletniego jakiekolwiek formy przemocy.<\/p>\n<p style=\"text-align: left;\"><br \/>Niniejszy system ochrony ma\u0142oletnich przed krzywdzeniem okre\u015bla procedury interwencji, dzia\u0142ania profilaktyczne, edukacyjne, zasady zapobiegania krzywdzeniu dzieci, a w sytuacji gdy do krzywdzenia dosz\u0142o \u2013 okre\u015bla zasady zmniejszenia rozmiaru jego skutk\u00f3w poprzez prawid\u0142ow\u0105 i efektywn\u0105 pomoc dziecku oraz wskazuje odpowiedzialno\u015b\u0107 opiekuna dziennego za bezpiecze\u0144stwo ma\u0142oletnich do niego ucz\u0119szczaj\u0105cych.<\/p>\n<p style=\"text-align: left;\"><br \/>Niniejsze Standardy ochrony ma\u0142oletnich przed krzywdzeniem zosta\u0142y opublikowane na stronie internetowej Opiekuna Dziennego Dominiki Ratajczak. Poszczeg\u00f3lne grupy ma\u0142oletnich w zale\u017cno\u015bci od wieku s\u0105 aktywnie zapoznawane z poni\u017cszymi Standardami poprzez prowadzone w trakcie zabawy dzia\u0142ania edukacyjne i informacyjne.<\/p>\n<h4 style=\"text-align: center;\"><br \/>Rozdzia\u0142 I<br \/>Obszary Standard\u00f3w Ochrony Ma\u0142oletnich<\/h4>\n<p style=\"text-align: center;\"><br \/>\u00a7 1.<\/p>\n<p style=\"text-align: left;\">Standardy Ochrony Ma\u0142oletnich tworz\u0105 bezpieczne i przyjazne \u015brodowisko u opiekuna dziennego. Obejmuj\u0105 cztery obszary:<br \/>1) Polityk\u0119 Ochrony Ma\u0142oletnich, kt\u00f3ra okre\u015bla:<br \/>a) zasady bezpiecznej rekrutacji personelu do pracy w charakterze opiekuna dziennego lub asystenta opiekuna dziennego,<br \/>b) zasady bezpiecznych relacji personel \u2013 nieletni,<br \/>c) zasady reagowania na przypadki podejrzenia, \u017ce nieletni do\u015bwiadcza krzywdzenia,<br \/>d) zasady ochrony wizerunku dzieci i ich danych osobowych,<br \/>e) zasady bezpiecznego korzystania z internetu i medi\u00f3w elektronicznych,<br \/>2) personel \u2013 obszar, kt\u00f3ry okre\u015bla:<br \/>a) zasady rekrutacji personelu pracuj\u0105cego z dzie\u0107mi, w tym obowi\u0105zek uzyskiwania danych z Rejestru Sprawc\u00f3w Przest\u0119pstw na Tle Seksualnym o ka\u017cdym cz\u0142onku personelu oraz, gdy jest to dozwolone przepisami obowi\u0105zuj\u0105cego prawa, informacji z Krajowego Rejestru Karnego, a kiedy prawo na to nie zezwala, uzyskiwania o\u015bwiadczenia personelu dotycz\u0105cego niekaralno\u015bci lub braku tocz\u0105cych si\u0119 post\u0119powa\u0144 karnych lub dyscyplinarnych za przest\u0119pstwa przeciwko wolno\u015bci seksualnej i obyczajno\u015bci oraz przest\u0119pstwa z u\u017cyciem przemocy na szkod\u0119 ma\u0142oletniego,<br \/>b) zasady bezpiecznych relacji personelu z ma\u0142oletnimi, wskazuj\u0105ce, jakie zachowania w miejscu pracy opiekuna dziennego s\u0105 niedozwolone, a jakie po\u017c\u0105dane w kontakcie z dzieckiem,<br \/>c) zasady zapewniania pracownikom podstawowej wiedzy na temat ochrony ma\u0142oletnich przed krzywdzeniem oraz udzielania pomocy dzieciom w sytuacjach zagro\u017cenia, w zakresie:<br \/>\u2022 rozpoznawania symptom\u00f3w krzywdzenia dzieci,<br \/>\u2022 procedur interwencji w przypadku podejrze\u0144 krzywdzenia,<br \/>\u2022 odpowiedzialno\u015bci prawnej opiekuna dziennego i zatrudnionych przez niego pracownik\u00f3w, zobowi\u0105zanych do podejmowania interwencji,<br \/>d) zasady przygotowania opiekuna dziennego i zatrudnionych przez niego pracownik\u00f3w (os\u00f3b pracuj\u0105cych z dzie\u0107mi i ich rodzicami\/opiekunami) do edukowania:<br \/>\u2022 dzieci na temat ochrony przed przemoc\u0105 i wykorzystywaniem,<br \/>\u2022 rodzic\u00f3w\/opiekun\u00f3w dzieci na temat wychowania dzieci bez przemocy<br \/>oraz chronienia ich przed przemoc\u0105 i wykorzystywaniem,<br \/>e) zasady dysponowania materia\u0142ami edukacyjnymi dla dzieci, dla rodzic\u00f3w oraz aktywnego ich wykorzystania,<br \/>3) procedury \u2013 okre\u015blaj\u0105 dzia\u0142ania, jakie nale\u017cy podj\u0105\u0107 w sytuacji krzywdzenia ma\u0142oletniego lub zagro\u017cenia jego bezpiecze\u0144stwa ze strony opiekuna dziennego i zatrudnionych przez niego pracownik\u00f3w, cz\u0142onk\u00f3w rodziny, r\u00f3wie\u015bnik\u00f3w i os\u00f3b obcych:<br \/>\u2212 zasady dysponowania przez opiekuna dziennego danymi kontaktowymi lokalnych instytucji i organizacji, kt\u00f3re zajmuj\u0105 si\u0119 interwencj\u0105 i pomoc\u0105 w sytuacjach krzywdzenia dzieci (policja, s\u0105d rodzinny, centrum interwencji kryzysowej, o\u015brodek pomocy spo\u0142ecznej, plac\u00f3wki ochrony zdrowia), oraz zapewnienia do nich dost\u0119pu wszystkim pracownikom,<br \/>\u2212 zasady eksponowania informacji dla dzieci na temat mo\u017cliwo\u015bci uzyskania pomocy w trudnej sytuacji,<br \/>4) monitoring \u2013 obszar, kt\u00f3ry okre\u015bla:<br \/>a) zasady weryfikacji przyj\u0119tej polityki ochrony ma\u0142oletnich przed krzywdzeniem \u2013 przynajmniej raz w roku, ze szczeg\u00f3lnym uwzgl\u0119dnieniem analizy sytuacji zwi\u0105zanych z wyst\u0105pieniem zagro\u017cenia bezpiecze\u0144stwa dzieci,<br \/>b) zasady organizowania przez opiekuna dziennego konsultacji z dzie\u0107mi i ich rodzicami\/opiekuna.<\/p>\n<h4 style=\"text-align: center;\"><br \/>Rozdzia\u0142 II<br \/>S\u0142owniczek termin\u00f3w<\/h4>\n<p style=\"text-align: center;\"><br \/>\u00a7 2.<\/p>\n<p style=\"text-align: left;\"><br \/>1. Dziecko\/ma\u0142oletni \u2013 to ka\u017cda osoba do uko\u0144czenia 18. roku \u017cycia.<br \/>2. Krzywdzenie ma\u0142oletniego \u2013 pope\u0142nienie czynu zabronionego lub czynu karalnego na szkod\u0119 dziecka, lub zagro\u017cenie dobra dziecka, w tym jego zaniedbanie.<br \/>3. Personel \u2013 opiekun dzienny oraz ka\u017cdy zatrudniony przez niego pracownik bez wzgl\u0119du na form\u0119 zatrudnienia, w tym wsp\u00f3\u0142pracownik, sta\u017cysta, wolontariusz lub inna osoba, kt\u00f3ra z racji pe\u0142nionej funkcji lub zada\u0144 ma (nawet potencjalny) kontakt z dzie\u0107mi.<br \/>4. Opiekun dziecka \u2013 osoba uprawniona do reprezentowania dziecka, w szczeg\u00f3lno\u015bci jego rodzic lub opiekun prawny, a tak\u017ce rodzic zast\u0119pczy.<br \/>5. Instytucja \u2013 ka\u017cda instytucja \u015bwiadcz\u0105ca us\u0142ugi dzieciom lub dzia\u0142aj\u0105ca na rzecz dzieci.<br \/>6. Zgoda rodzica dziecka oznacza zgod\u0119 co najmniej jednego z rodzic\u00f3w dziecka. Jednak w przypadku braku porozumienia mi\u0119dzy rodzicami dziecka konieczne jest poinformowanie rodzic\u00f3w o konieczno\u015bci rozstrzygni\u0119cia sprawy przez s\u0105d rodzinny.<br \/>7. Dane osobowe dziecka to wszelkie informacje umo\u017cliwiaj\u0105ce identyfikacj\u0119 ma\u0142oletniego.<\/p>\n<h4 style=\"text-align: center;\"><br \/>Rozdzia\u0142 III<br \/>Czynniki ryzyka i symptomy krzywdzenia dzieci \u2013 zasady rozpoznawania i reagowania<\/h4>\n<p style=\"text-align: center;\"><br \/>\u00a7 3.<\/p>\n<p style=\"text-align: left;\"><br \/>1. Rekrutacja pracownik\u00f3w opiekuna dziennego odbywa si\u0119 zgodnie z zasadami bezpiecznej rekrutacji personelu. Zasady Rekrutacji stanowi\u0105 Za\u0142\u0105cznik nr 1 do niniejszych Standard\u00f3w.<br \/>2. Opiekun dzienny oraz zatrudnieni przez niego pracownicy znaj\u0105 i stosuj\u0105 zasady bezpiecznych relacji personel \u2013 ma\u0142oletni i ma\u0142oletni \u2013 ma\u0142oletni ustalone w plac\u00f3wce. Zasady stanowi\u0105 Za\u0142\u0105cznik nr 2 do niniejszych Standard\u00f3w.<br \/>3. Opiekun dzienny oraz zatrudnieni przez niego pracownicy posiadaj\u0105 wiedz\u0119 na temat czynnik\u00f3w ryzyka i symptom\u00f3w krzywdzenia ma\u0142oletnich i zwracaj\u0105 na nie uwag\u0119 w ramach wykonywanych obowi\u0105zk\u00f3w.<br \/>4. Opiekun dzienny oraz zatrudnieni przez niego pracownicy monitoruj\u0105 sytuacj\u0119 i dobrostan ma\u0142oletniego ucz\u0119szczaj\u0105cego do plac\u00f3wki.<br \/>5. W przypadku zidentyfikowania czynnik\u00f3w ryzyka opiekun dzienny podejmuje rozmow\u0119 z rodzicami, przekazuj\u0105c informacje na temat dost\u0119pnej oferty wsparcia i motywuj\u0105c ich do szukania dla siebie pomocy.<\/p>\n<h4 style=\"text-align: center;\"><br \/>Rozdzia\u0142 IV<br \/>Zasady reagowania na przypadki podejrzenia, \u017ce ma\u0142oletni do\u015bwiadcza krzywdzenia<\/h4>\n<p style=\"text-align: center;\"><br \/>\u00a7 4.<\/p>\n<p style=\"text-align: left;\">W przypadku podj\u0119cia przez opiekuna dziennego lub zatrudnionego przez niego pracownika podejrzenia, \u017ce dziecko jest krzywdzone, opiekun dzienny wzywa opiekun\u00f3w dziecka, kt\u00f3rego krzywdzenie podejrzewa i informuje ich o podejrzeniu.<br \/>1. Opiekun dzienny sporz\u0105dza opis sytuacji rodzinnej dziecka oraz u opiekuna dziennego na podstawie rozm\u00f3w z ma\u0142oletnim, zatrudnionymi przez opiekuna dziennego pracownikami oraz z rodzicami i opracowuje plan pomocy ma\u0142oletniemu.<br \/>2. Plan pomocy ma\u0142oletniemu powinien zawiera\u0107 wskazania dotycz\u0105ce:<br \/>a) podj\u0119cia przez opiekuna dziennego dzia\u0142a\u0144 w celu zapewnienia dziecku<br \/>bezpiecze\u0144stwa, w tym zg\u0142oszenie podejrzenia krzywdzenia do odpowiedniej instytucji,<br \/>b) wsparcia, jakie zaoferuje dziecku opiekun dzienny,<br \/>c) skierowania dziecka do specjalistycznej plac\u00f3wki pomocy, je\u017celi istnieje taka potrzeba.<\/p>\n<p style=\"text-align: center;\"><br \/>\u00a7 5.<\/p>\n<p style=\"text-align: left;\"><br \/>1. W bardziej skomplikowanych przypadkach (dotycz\u0105cych np. wykorzystywania seksualnego lub zn\u0119cania si\u0119 fizycznego i psychicznego o du\u017cym nasileniu), opiekun dzienny wzywa rodzic\u00f3w\/opiekun\u00f3w dziecka na spotkanie wyja\u015bniaj\u0105ce, podczas kt\u00f3rego mo\u017ce zaproponowa\u0107 zdiagnozowanie zg\u0142aszanego podejrzenia w zewn\u0119trznej, bezstronnej instytucji. Ze spotkania sporz\u0105dza si\u0119 protok\u00f3\u0142.<br \/>2. Opiekun dzienny informuje rodzic\u00f3w\/opiekun\u00f3w o obowi\u0105zku opiekuna dziennego \u2013 jako instytucji \u2013 zg\u0142oszenia podejrzenia krzywdzenia ma\u0142oletniego do odpowiedniej instytucji (prokuratura\/policja lub s\u0105d rodzinny, o\u015brodek pomocy spo\u0142ecznej b\u0105d\u017a rozpocz\u0119cia procedury \u201eNiebieskiej Karty\u201d \u2013 w zale\u017cno\u015bci od zdiagnozowanego typu krzywdzenia i skorelowanej z nim interwencji).<br \/>3. Po poinformowaniu rodzic\u00f3w\/opiekun\u00f3w ma\u0142oletniego \u2013 zgodnie z punktem poprzedzaj\u0105cym \u2013 opiekun dzienny sk\u0142ada zawiadomienie o podejrzeniu przest\u0119pstwa do prokuratury\/policji lub wniosek o wgl\u0105d w sytuacj\u0119 rodziny do s\u0105du rejonowego, wydzia\u0142u rodzinnego i nieletnich, o\u015brodka pomocy spo\u0142ecznej lub tworzy formularz \u201eNiebieska Karta \u2013 A\u201d. Wz\u00f3r wniosk\u00f3w stanowi za\u0142\u0105cznik nr 10 i 11 do niniejszej Standard\u00f3w.<br \/>4. Dalszy tok post\u0119powania le\u017cy w kompetencjach instytucji wskazanych w punkcie 2.<br \/>5. W przypadku gdy podejrzenie krzywdzenia zg\u0142osili rodzice\/opiekunowie ma\u0142oletniego, a podejrzenie to nie zosta\u0142o potwierdzone \u2013 opiekun dzienny informuje o tym fakcie rodzic\u00f3w\/ opiekun\u00f3w dziecka na pi\u015bmie.<\/p>\n<p style=\"text-align: center;\"><br \/>\u00a7 6.<\/p>\n<p style=\"text-align: left;\"><br \/>1. Z przebiegu interwencji sporz\u0105dza si\u0119 kart\u0119 interwencji, kt\u00f3rej wz\u00f3r stanowi Za\u0142\u0105cznik nr 3 do niniejszych Standard\u00f3w. Kart\u0119 t\u0119 za\u0142\u0105cza si\u0119 do dokumentacji dziecka u opiekuna dziennego.<br \/>2. Opiekun dzienny oraz wszyscy zatrudnieni przez niego pracownicy i inne osoby, kt\u00f3re w zwi\u0105zku z wykonywaniem obowi\u0105zk\u00f3w s\u0142u\u017cbowych podj\u0119\u0142y informacj\u0119 o krzywdzeniu ma\u0142oletniego lub informacje z tym zwi\u0105zane, s\u0105 zobowi\u0105zani do zachowania tych informacji w tajemnicy, wy\u0142\u0105czaj\u0105c informacje przekazywane uprawnionym instytucjom w ramach dzia\u0142a\u0144 interwencyjnych.<\/p>\n<h4 style=\"text-align: center;\"><br \/>Rozdzia\u0142 V<br \/>Zasady ochrony wizerunku dziecka i danych osobowych ma\u0142oletnich<\/h4>\n<p style=\"text-align: left;\"><br \/>1. Opiekun dzienny, uznaj\u0105c prawo nieletniego do prywatno\u015bci i ochrony d\u00f3br osobistych, zapewnia ochron\u0119 wizerunku ma\u0142oletniego oraz zapewnia najwy\u017csze standardy ochrony danych osobowych ma\u0142oletnich zgodnie z obowi\u0105zuj\u0105cymi przepisami prawa.<br \/>2. Wytyczne dotycz\u0105ce zasad ochrony wizerunku dziecka i danych osobowych stanowi\u0105 Za\u0142\u0105cznik nr 4 do niniejszych Standard\u00f3w.<\/p>\n<p style=\"text-align: center;\"><br \/>\u00a7 7.<\/p>\n<p style=\"text-align: left;\"><br \/>1. Opiekunowi dziennemu oraz zatrudnionym przez niego pracownikom nie wolno umo\u017cliwia\u0107 przedstawicielom medi\u00f3w utrwalania wizerunku dziecka (filmowanie, fotografowanie, nagrywanie g\u0142osu dziecka) bez pisemnej zgody rodzica lub opiekuna prawnego ma\u0142oletniego.<br \/>2. W celu uzyskania zgody, o kt\u00f3rej mowa w punkcie 1, opiekun dzienny mo\u017ce skontaktowa\u0107 si\u0119 z opiekunem dziecka, by uzyska\u0107 zgod\u0119 na nieodp\u0142atne wykorzystanie zarejestrowanego wizerunku dziecka i okre\u015bli\u0107, w jakim kontek\u015bcie b\u0119dzie wykorzystywany (niniejsza zgoda obejmuje wszelkie formy publikacji, w szczeg\u00f3lno\u015bci plakaty reklamowe, ulotki, drukowane materia\u0142y promocyjne, reklam\u0119 w gazetach i czasopismach oraz w internecie itp.), lub ustali\u0107 procedur\u0119 uzyskania zgody. Niedopuszczalne jest podanie przedstawicielowi medi\u00f3w danych kontaktowych do rodzica\/opiekuna dziecka \u2013 bez wiedzy i zgody tego opiekuna.<\/p>\n<p style=\"text-align: center;\"><br \/>\u00a7 8.<\/p>\n<p style=\"text-align: left;\"><br \/>1. Upublicznienie przez opiekuna dziennego lub zatrudnionych przez niego pracownik\u00f3w wizerunku dziecka utrwalonego w jakiejkolwiek formie (fotografia, nagranie audio-wideo), wymaga pisemnej zgody rodzica lub opiekuna prawnego ma\u0142oletniego.<\/p>\n<h4 style=\"text-align: center;\"><br \/>Rozdzia\u0142 VI<br \/>Zasady bezpiecznego korzystania z internetu i medi\u00f3w elektronicznych u opiekuna dziennego<\/h4>\n<p style=\"text-align: center;\"><br \/>\u00a7 9.<\/p>\n<p style=\"text-align: left;\"><br \/>1. U opiekuna dziennego ma\u0142oletni nie maj\u0105 dost\u0119pu do internetu.<\/p>\n<h4 style=\"text-align: center;\"><br \/>Rozdzia\u0142 VII<br \/>Monitoring stosowania Standard\u00f3w Ochrony Ma\u0142oletnich przed krzywdzeniem u opiekuna dziennego<\/h4>\n<p style=\"text-align: center;\"><br \/>\u00a7 10.<\/p>\n<p style=\"text-align: left;\"><br \/>1. Opiekun dzienny jest odpowiedzialny za monitorowanie realizacji Standard\u00f3w, za reagowanie na naruszenia Standard\u00f3w, prowadzenie rejestru zg\u0142osze\u0144 oraz wprowadzanie zmian w Standardach, gdy s\u0105 one konieczne. Zmiany s\u0105 og\u0142aszane zatrudnionym przez opiekuna dziennego pracownikom, dzieciom i ich rodzicom\/ opiekunom.<\/p>\n<h4 style=\"text-align: center;\"><br \/>Rozdzia\u0142 VIII <br \/>Przepisy ko\u0144cowe<\/h4>\n<p style=\"text-align: center;\"><br \/>\u00a7 11.<\/p>\n<p style=\"text-align: left;\"><br \/>1. Niniejsze Standardy Ochrony Ma\u0142oletnich przed krzywdzeniem wchodz\u0105 w \u017cycie z dniem og\u0142oszenia.<br \/>2. Og\u0142oszenie nast\u0119puje w spos\u00f3b dost\u0119pny dla pracownik\u00f3w, dzieci i ich rodzic\u00f3w\/opiekun\u00f3w, w szczeg\u00f3lno\u015bci poprzez wywieszenie na tablicy og\u0142osze\u0144 lub w innym widocznym miejscu w siedzibie opiekuna dziennego oraz poprzez zamieszczenie na stronie internetowej opiekuna dziennego.<\/p>\n<\/div><div class=\"bde-div-173-104 bde-div\">\n  \n  \n\t\n\n\n\n<a class=\"bde-text-link-173-105 bde-text-link breakdance-link\" href=\"http:\/\/opiekadziennapoznan.pl\/wp-content\/uploads\/2025\/08\/Zalacznik-nr-1-do-standardow.pdf\" target=\"_self\" data-type=\"url\">\n  Za\u0142\u0105cznik nr 1\n\n<\/a><a class=\"bde-text-link-173-106 bde-text-link breakdance-link\" href=\"http:\/\/opiekadziennapoznan.pl\/wp-content\/uploads\/2025\/08\/Zalacznik-nr-2-do-standardow.pdf\" target=\"_self\" data-type=\"url\">\n  Za\u0142\u0105cznik nr 2\n\n<\/a><a class=\"bde-text-link-173-107 bde-text-link breakdance-link\" href=\"http:\/\/opiekadziennapoznan.pl\/wp-content\/uploads\/2025\/08\/Zalacznik-nr-3-do-standardow.pdf\" target=\"_self\" data-type=\"url\">\n  Za\u0142\u0105cznik nr 3\n\n<\/a><a class=\"bde-text-link-173-108 bde-text-link breakdance-link\" href=\"http:\/\/opiekadziennapoznan.pl\/wp-content\/uploads\/2025\/08\/Zalacznik-nr-4-do-standardow.pdf\" target=\"_self\" data-type=\"url\">\n  Za\u0142\u0105cznik nr 4\n\n<\/a><a class=\"bde-text-link-173-109 bde-text-link breakdance-link\" href=\"http:\/\/opiekadziennapoznan.pl\/wp-content\/uploads\/2025\/08\/Zalacznik-nr-6-do-standardow.pdf\" target=\"_self\" data-type=\"url\">\n  Za\u0142\u0105cznik nr 6\n\n<\/a>\n<\/div><\/div>\n<\/section><section class=\"bde-section-173-110 bde-section\">\n  \n  \n\t\n\n\n\n<div class=\"section-container\"><div class=\"bde-columns-173-111 bde-columns\"><div class=\"bde-column-173-112 bde-column\">\n  \n  \n\t\n\n\n\n<img decoding=\"async\" class=\"bde-image2-173-115 bde-image2\" src=\"http:\/\/opiekadziennapoznan.pl\/wp-content\/uploads\/2025\/08\/1.png\" loading=\"lazy\" srcset=\"https:\/\/opiekadziennapoznan.pl\/wp-content\/uploads\/2025\/08\/1.png 2000w, https:\/\/opiekadziennapoznan.pl\/wp-content\/uploads\/2025\/08\/1-300x212.png 300w, https:\/\/opiekadziennapoznan.pl\/wp-content\/uploads\/2025\/08\/1-1024x724.png 1024w, https:\/\/opiekadziennapoznan.pl\/wp-content\/uploads\/2025\/08\/1-768x543.png 768w, https:\/\/opiekadziennapoznan.pl\/wp-content\/uploads\/2025\/08\/1-1536x1086.png 1536w\" sizes=\"(max-width: 2000px) 100vw, 2000px\">\n<\/div><div class=\"bde-column-173-113 bde-column\">\n  \n  \n\t\n\n\n\n<img decoding=\"async\" class=\"bde-image2-173-116 bde-image2\" src=\"http:\/\/opiekadziennapoznan.pl\/wp-content\/uploads\/2025\/08\/2.png\" loading=\"lazy\" srcset=\"https:\/\/opiekadziennapoznan.pl\/wp-content\/uploads\/2025\/08\/2.png 1414w, https:\/\/opiekadziennapoznan.pl\/wp-content\/uploads\/2025\/08\/2-212x300.png 212w, https:\/\/opiekadziennapoznan.pl\/wp-content\/uploads\/2025\/08\/2-724x1024.png 724w, https:\/\/opiekadziennapoznan.pl\/wp-content\/uploads\/2025\/08\/2-768x1086.png 768w, https:\/\/opiekadziennapoznan.pl\/wp-content\/uploads\/2025\/08\/2-1086x1536.png 1086w\" sizes=\"(max-width: 1414px) 100vw, 1414px\">\n<\/div><div class=\"bde-column-173-114 bde-column\">\n  \n  \n\t\n\n\n\n<img decoding=\"async\" class=\"bde-image2-173-117 bde-image2\" src=\"http:\/\/opiekadziennapoznan.pl\/wp-content\/uploads\/2025\/08\/3.png\" loading=\"lazy\" srcset=\"https:\/\/opiekadziennapoznan.pl\/wp-content\/uploads\/2025\/08\/3.png 1414w, https:\/\/opiekadziennapoznan.pl\/wp-content\/uploads\/2025\/08\/3-212x300.png 212w, https:\/\/opiekadziennapoznan.pl\/wp-content\/uploads\/2025\/08\/3-724x1024.png 724w, https:\/\/opiekadziennapoznan.pl\/wp-content\/uploads\/2025\/08\/3-768x1086.png 768w, https:\/\/opiekadziennapoznan.pl\/wp-content\/uploads\/2025\/08\/3-1086x1536.png 1086w\" sizes=\"(max-width: 1414px) 100vw, 1414px\">\n<\/div><\/div><\/div>\n<\/section>","protected":false},"excerpt":{"rendered":"<p>Standardy ochrony ma\u0142oletnich Opiekun Dzienny Dominika Ratajczak Wst\u0119p Dobro i bezpiecze\u0144stwo ma\u0142oletnich przebywaj\u0105cych u opiekuna dziennego Dominiki Ratajczak s\u0105 priorytetem wszelkich dzia\u0142a\u0144 podejmowanych przez opiekuna dziennego na rzecz ma\u0142oletnich. Opiekun dzienny traktuje ka\u017cde dziecko z szacunkiem oraz uwzgl\u0119dnia jego potrzeby. Realizuj\u0105c zadania opiekuna dziennego, dzia\u0142a w ramach obowi\u0105zuj\u0105cego prawa oraz w ramach posiadanych kompetencji. Niedopuszczalne [&hellip;]<\/p>\n","protected":false},"author":1,"featured_media":0,"parent":0,"menu_order":0,"comment_status":"closed","ping_status":"closed","template":"","meta":{"_breakdance_hide_in_design_set":false,"_breakdance_tags":"","footnotes":""},"class_list":["post-173","page","type-page","status-publish","hentry"],"_links":{"self":[{"href":"https:\/\/opiekadziennapoznan.pl\/index.php\/wp-json\/wp\/v2\/pages\/173","targetHints":{"allow":["GET"]}}],"collection":[{"href":"https:\/\/opiekadziennapoznan.pl\/index.php\/wp-json\/wp\/v2\/pages"}],"about":[{"href":"https:\/\/opiekadziennapoznan.pl\/index.php\/wp-json\/wp\/v2\/types\/page"}],"author":[{"embeddable":true,"href":"https:\/\/opiekadziennapoznan.pl\/index.php\/wp-json\/wp\/v2\/users\/1"}],"replies":[{"embeddable":true,"href":"https:\/\/opiekadziennapoznan.pl\/index.php\/wp-json\/wp\/v2\/comments?post=173"}],"version-history":[{"count":6,"href":"https:\/\/opiekadziennapoznan.pl\/index.php\/wp-json\/wp\/v2\/pages\/173\/revisions"}],"predecessor-version":[{"id":188,"href":"https:\/\/opiekadziennapoznan.pl\/index.php\/wp-json\/wp\/v2\/pages\/173\/revisions\/188"}],"wp:attachment":[{"href":"https:\/\/opiekadziennapoznan.pl\/index.php\/wp-json\/wp\/v2\/media?parent=173"}],"curies":[{"name":"wp","href":"https:\/\/api.w.org\/{rel}","templated":true}]}}