{"id":199,"date":"2026-03-12T18:16:02","date_gmt":"2026-03-12T18:16:02","guid":{"rendered":"https:\/\/opiekadziennapoznan.pl\/?page_id=199"},"modified":"2026-03-17T12:29:12","modified_gmt":"2026-03-17T12:29:12","slug":"plan-dnia","status":"publish","type":"page","link":"https:\/\/opiekadziennapoznan.pl\/index.php\/plan-dnia\/","title":{"rendered":"Plan dnia"},"content":{"rendered":"<section class=\"bde-section-199-100 bde-section\">\n  \n  \n\t\n\n\n\n<div class=\"section-container\"><div class=\"bde-rich-text-199-101 bde-rich-text breakdance-rich-text-styles\">\n<p><b>HARMONOGRAM DNIA<\/b><\/p>\n<h2>\u00a0<\/h2>\n<p style=\"text-align: left;\"><span style=\"font-weight: 400;\">07:30 - 08:15 - Schodzenie si\u0119 dzieci, zabawy swobodne<\/span><\/p>\n<p style=\"text-align: left;\"><span style=\"font-weight: 400;\">08:15 - 08:30 - Czynno\u015bci higieniczne, przygotowanie do posi\u0142ku<\/span><\/p>\n<p style=\"text-align: left;\"><span style=\"font-weight: 400;\">08:30 - 09:00 - \u015aniadanie<\/span><\/p>\n<p style=\"text-align: left;\"><span style=\"font-weight: 400;\">09:00 - 09:20 - Angielski<\/span><span style=\"font-weight: 400;\">1<\/span><\/p>\n<p style=\"text-align: left;\"><span style=\"font-weight: 400;\">09:20 - 10:45 - Przygotowanie do pobytu na dworze, wyj\u015bcie na dw\u00f3r (w przypadku z\u0142ych warunk\u00f3w atmosferycznych: zabawy swobodne, aktywno\u015bci ruchowe i inne aktywno\u015bci zorganizowane przez opiekuna w pomieszczeniach)<\/span><span style=\"font-weight: 400;\">1<\/span><\/p>\n<p style=\"text-align: left;\"><span style=\"font-weight: 400;\">09:00 - 09:20 - Przygotowanie do udzia\u0142u w aktywno\u015bci Sensoplastyka\u00ae<\/span><span style=\"font-weight: 400;\">2<\/span><\/p>\n<p style=\"text-align: left;\"><span style=\"font-weight: 400;\">09:20 - 10:20 - Sensoplastyka\u00ae<\/span><span style=\"font-weight: 400;\">2<\/span><\/p>\n<p style=\"text-align: left;\"><span style=\"font-weight: 400;\">10:20 - 10:45 - Aktywno\u015bci zorganizowane przez opiekuna<\/span><span style=\"font-weight: 400;\">2<\/span><\/p>\n<p style=\"text-align: left;\"><span style=\"font-weight: 400;\">10:45 - 11:00 - Czynno\u015bci higieniczne, przygotowanie do posi\u0142ku<\/span><\/p>\n<p style=\"text-align: left;\"><span style=\"font-weight: 400;\">11:00 - 11:30 - Zupa<\/span><\/p>\n<p style=\"text-align: left;\"><span style=\"font-weight: 400;\">11:30 - 13:00 - Drzemka, odpoczynek na le\u017caczkach<\/span><\/p>\n<p style=\"text-align: left;\"><span style=\"font-weight: 400;\">13:00 - 13:30 - Czynno\u015bci higieniczne, przygotowanie do posi\u0142ku<\/span><\/p>\n<p style=\"text-align: left;\"><span style=\"font-weight: 400;\">13:30 - 14:00 - Obiad<\/span><\/p>\n<p style=\"text-align: left;\"><span style=\"font-weight: 400;\">14:00 - 15:00 - Zabawy konstrukcyjne oraz inne zabawy rozwijaj\u0105ce koordynacj\u0119 oko - r\u0119ka, zabawy ruchowe, tematyczne, inne aktywno\u015bci organizowane przez opiekuna, zabawy swobodne (w miesi\u0105cach letnich zabawy organizowane na dworze)<\/span><\/p>\n<p style=\"text-align: left;\"><span style=\"font-weight: 400;\">14:45 - 15:00 - Czynno\u015bci higieniczne, przygotowanie do posi\u0142ku<\/span><\/p>\n<p style=\"text-align: left;\"><span style=\"font-weight: 400;\">15:00 - 15:20 - Podwieczorek<\/span><\/p>\n<p style=\"text-align: left;\"><span style=\"font-weight: 400;\">15:20 - 16:00 - Zabawy swobodne, rozchodzenie si\u0119 dzieci do dom\u00f3w<\/span><\/p>\n<h2 style=\"text-align: left;\"><br \/><br \/><\/h2>\n<p><span style=\"font-weight: 400;\">_______________________________________________________<\/span><\/p>\n<p><span style=\"font-weight: 400;\">1 <\/span><span style=\"font-weight: 400;\">Elementy harmonogramu realizowane od poniedzia\u0142ku do czwartku<\/span><\/p>\n<h4><span style=\"font-weight: 400;\">2<\/span><span style=\"font-weight: 400;\"> Elementy harmonogramu realizowane <\/span><\/h4>\n<\/div><\/div>\n<\/section>","protected":false},"excerpt":{"rendered":"<p>HARMONOGRAM DNIA \u00a0 07:30 &#8211; 08:15 &#8211; Schodzenie si\u0119 dzieci, zabawy swobodne 08:15 &#8211; 08:30 &#8211; Czynno\u015bci higieniczne, przygotowanie do posi\u0142ku 08:30 &#8211; 09:00 &#8211; \u015aniadanie 09:00 &#8211; 09:20 &#8211; Angielski1 09:20 &#8211; 10:45 &#8211; Przygotowanie do pobytu na dworze, wyj\u015bcie na dw\u00f3r (w przypadku z\u0142ych warunk\u00f3w atmosferycznych: zabawy swobodne, aktywno\u015bci ruchowe i inne aktywno\u015bci [&hellip;]<\/p>\n","protected":false},"author":1,"featured_media":0,"parent":0,"menu_order":0,"comment_status":"closed","ping_status":"closed","template":"","meta":{"_breakdance_hide_in_design_set":false,"_breakdance_tags":"","footnotes":""},"class_list":["post-199","page","type-page","status-publish","hentry"],"_links":{"self":[{"href":"https:\/\/opiekadziennapoznan.pl\/index.php\/wp-json\/wp\/v2\/pages\/199","targetHints":{"allow":["GET"]}}],"collection":[{"href":"https:\/\/opiekadziennapoznan.pl\/index.php\/wp-json\/wp\/v2\/pages"}],"about":[{"href":"https:\/\/opiekadziennapoznan.pl\/index.php\/wp-json\/wp\/v2\/types\/page"}],"author":[{"embeddable":true,"href":"https:\/\/opiekadziennapoznan.pl\/index.php\/wp-json\/wp\/v2\/users\/1"}],"replies":[{"embeddable":true,"href":"https:\/\/opiekadziennapoznan.pl\/index.php\/wp-json\/wp\/v2\/comments?post=199"}],"version-history":[{"count":3,"href":"https:\/\/opiekadziennapoznan.pl\/index.php\/wp-json\/wp\/v2\/pages\/199\/revisions"}],"predecessor-version":[{"id":202,"href":"https:\/\/opiekadziennapoznan.pl\/index.php\/wp-json\/wp\/v2\/pages\/199\/revisions\/202"}],"wp:attachment":[{"href":"https:\/\/opiekadziennapoznan.pl\/index.php\/wp-json\/wp\/v2\/media?parent=199"}],"curies":[{"name":"wp","href":"https:\/\/api.w.org\/{rel}","templated":true}]}}