{"id":61,"date":"2025-03-10T18:16:43","date_gmt":"2025-03-10T18:16:43","guid":{"rendered":"https:\/\/opiekadziennapoznan.pl\/?page_id=61"},"modified":"2025-03-17T14:08:05","modified_gmt":"2025-03-17T14:08:05","slug":"program-aktywny-maluch","status":"publish","type":"page","link":"https:\/\/opiekadziennapoznan.pl\/index.php\/program-aktywny-maluch\/","title":{"rendered":"Program aktywny maluch"},"content":{"rendered":"<section class=\"bde-section-61-100 bde-section\">\n  \n  \n\t\n\n\n\n<div class=\"section-container\"><img decoding=\"async\" class=\"bde-image2-61-101 bde-image2\" src=\"http:\/\/opiekadziennapoznan.pl\/wp-content\/uploads\/2025\/03\/ue.png\" loading=\"lazy\" srcset=\"https:\/\/opiekadziennapoznan.pl\/wp-content\/uploads\/2025\/03\/ue.png 695w, https:\/\/opiekadziennapoznan.pl\/wp-content\/uploads\/2025\/03\/ue-300x38.png 300w\" sizes=\"(max-width: 695px) 100vw, 695px\"><\/div>\n<\/section><section class=\"bde-section-61-102 bde-section\">\n  \n  \n\t\n\n\n\n<div class=\"section-container\"><div class=\"bde-rich-text-61-103 bde-rich-text breakdance-rich-text-styles\">\n<p><strong>Dofinansowanie dziennego opiekuna z <br \/>Programu Aktywny Maluch 2022-2029 <\/strong><\/p>\n<p>Jako instytucja opieki otrzyma\u0142am dofinansowanie z Programu Aktywny Maluch 2022-2029, dzi\u0119ki kt\u00f3remu mog\u0142am zakupi\u0107 ca\u0142e wyposa\u017cenie do naszego mieszkania, w tym zabawki i meble, pomoce dydaktyczne, a tak\u017ce pe\u0142ne wyposa\u017cenie znajduj\u0105cego si\u0119 na tarasie placu zabaw wraz z bezpieczn\u0105 nawierzchni\u0105. Z opieki korzystaj\u0105 dzieci w wieku od 1 do 3 r.\u017c. (w szczeg\u00f3lnych przypadkach do 4 r.\u017c.).<\/p>\n<p>Dzi\u0119ki Programowi Aktywny Maluch 2022-2029 uda\u0142o si\u0119 utworzy\u0107 5 miejsc opieki, kt\u00f3re od 1 lutego 2025 r. b\u0119d\u0105 dofinansowywane przez 36 miesi\u0119cy w kwocie 836 z\u0142.<\/p>\n<p>Warto\u015b\u0107 zadania, w pe\u0142ni dofinansowanego z funduszy UE: 60 574,91 z\u0142<\/p>\n<p>#FunduszeEuropejskie<\/p>\n<\/div><\/div>\n<\/section>","protected":false},"excerpt":{"rendered":"<p>Dofinansowanie dziennego opiekuna z Programu Aktywny Maluch 2022-2029 Jako instytucja opieki otrzyma\u0142am dofinansowanie z Programu Aktywny Maluch 2022-2029, dzi\u0119ki kt\u00f3remu mog\u0142am zakupi\u0107 ca\u0142e wyposa\u017cenie do naszego mieszkania, w tym zabawki i meble, pomoce dydaktyczne, a tak\u017ce pe\u0142ne wyposa\u017cenie znajduj\u0105cego si\u0119 na tarasie placu zabaw wraz z bezpieczn\u0105 nawierzchni\u0105. Z opieki korzystaj\u0105 dzieci w wieku od [&hellip;]<\/p>\n","protected":false},"author":1,"featured_media":0,"parent":0,"menu_order":0,"comment_status":"closed","ping_status":"closed","template":"","meta":{"_breakdance_hide_in_design_set":false,"_breakdance_tags":"","footnotes":""},"class_list":["post-61","page","type-page","status-publish","hentry"],"_links":{"self":[{"href":"https:\/\/opiekadziennapoznan.pl\/index.php\/wp-json\/wp\/v2\/pages\/61","targetHints":{"allow":["GET"]}}],"collection":[{"href":"https:\/\/opiekadziennapoznan.pl\/index.php\/wp-json\/wp\/v2\/pages"}],"about":[{"href":"https:\/\/opiekadziennapoznan.pl\/index.php\/wp-json\/wp\/v2\/types\/page"}],"author":[{"embeddable":true,"href":"https:\/\/opiekadziennapoznan.pl\/index.php\/wp-json\/wp\/v2\/users\/1"}],"replies":[{"embeddable":true,"href":"https:\/\/opiekadziennapoznan.pl\/index.php\/wp-json\/wp\/v2\/comments?post=61"}],"version-history":[{"count":8,"href":"https:\/\/opiekadziennapoznan.pl\/index.php\/wp-json\/wp\/v2\/pages\/61\/revisions"}],"predecessor-version":[{"id":109,"href":"https:\/\/opiekadziennapoznan.pl\/index.php\/wp-json\/wp\/v2\/pages\/61\/revisions\/109"}],"wp:attachment":[{"href":"https:\/\/opiekadziennapoznan.pl\/index.php\/wp-json\/wp\/v2\/media?parent=61"}],"curies":[{"name":"wp","href":"https:\/\/api.w.org\/{rel}","templated":true}]}}