{"id":68,"date":"2025-03-10T18:20:41","date_gmt":"2025-03-10T18:20:41","guid":{"rendered":"https:\/\/opiekadziennapoznan.pl\/?page_id=68"},"modified":"2026-03-17T13:06:23","modified_gmt":"2026-03-17T13:06:23","slug":"rekrutacja","status":"publish","type":"page","link":"https:\/\/opiekadziennapoznan.pl\/index.php\/rekrutacja\/","title":{"rendered":"Rekrutacja"},"content":{"rendered":"<section class=\"bde-section-68-100 bde-section\">\n  \n  \n\t\n\n\n\n<div class=\"section-container\"><div class=\"bde-div-68-101 bde-div\">\n              \n  \n  \n\t\n\n  <div class=\"section-background-overlay\"><\/div>\n\n\n<h1 class=\"bde-heading-68-105 bde-heading\">\nRekrutacja\n<\/h1>\n<\/div><\/div>\n<\/section><section class=\"bde-section-68-148 bde-section\">\n              \n  \n  \n\t\n\n  <div class=\"section-background-overlay\"><\/div>\n\n\n<div class=\"section-container\"><div class=\"bde-columns-68-149 bde-columns\"><div class=\"bde-column-68-150 bde-column\">\n  \n  \n\t\n\n\n\n<div class=\"bde-icon-68-151 bde-icon\">\n\n    \n            <div class=\"bde-icon-icon breakdance-icon-atom\" >\n    \n                    <svg xmlns=\"http:\/\/www.w3.org\/2000\/svg\" width=\"24\" height=\"24\" viewBox=\"0 0 24 24\" fill-rule=\"evenodd\" clip-rule=\"evenodd\"><path d=\"M22 21c.53 0 1.039.211 1.414.586.376.375.586.884.586 1.414v1h-6v-1c0-1.104.896-2 2-2h2zm-7 0c.53 0 1.039.211 1.414.586.376.375.586.884.586 1.414v1h-6v-1c0-1.104.896-2 2-2h2zm7 1h-2c-.551 0-1 .448-1 1h4c0-.564-.461-1-1-1zm-7 0h-2c-.551 0-1 .448-1 1h4c0-.564-.461-1-1-1zm-6.758-1.216c-.025.679-.576 1.21-1.256 1.21-.64 0-1.179-.497-1.254-1.156l-.406-4.034-.317 4.019c-.051.656-.604 1.171-1.257 1.171-.681 0-1.235-.531-1.262-1.21l-.262-6.456-.308.555c-.241.437-.8.638-1.265.459-.404-.156-.655-.538-.655-.951 0-.093.012-.188.039-.283l1.134-4.098c.17-.601.725-1.021 1.351-1.021h4.096c.511 0 1.012-.178 1.285-.33.723-.403 2.439-1.369 3.136-1.793.394-.243.949-.147 1.24.217.32.396.286.95-.074 1.297l-3.048 2.906c-.375.359-.595.849-.617 1.381-.061 1.397-.3 8.117-.3 8.117zm-5.718-10.795c-.18 0-.34.121-.389.294-.295 1.04-1.011 3.666-1.134 4.098l1.511-2.593c.172-.295.623-.18.636.158l.341 8.797c.01.278.5.287.523.002 0 0 .269-3.35.308-3.944.041-.599.449-1.017.992-1.017.547.002.968.415 1.029 1.004.036.349.327 3.419.385 3.938.043.378.505.326.517.022 0 0 .239-6.725.3-8.124.033-.791.362-1.523.925-2.061l3.045-2.904c-.661.492-2.393 1.468-3.121 1.873-.396.221-1.07.457-1.772.457h-4.096zm18.476 6.011c-1.305 0-2.364 1.06-2.364 2.364 0 1.305 1.059 2.365 2.364 2.365s2.364-1.06 2.364-2.365c0-1.304-1.059-2.364-2.364-2.364zm-7 0c-1.305 0-2.364 1.06-2.364 2.364 0 1.305 1.059 2.365 2.364 2.365s2.364-1.06 2.364-2.365c0-1.304-1.059-2.364-2.364-2.364zm7 1c.752 0 1.364.612 1.364 1.364 0 .753-.612 1.365-1.364 1.365-.752 0-1.364-.612-1.364-1.365 0-.752.612-1.364 1.364-1.364zm-7 0c.752 0 1.364.612 1.364 1.364 0 .753-.612 1.365-1.364 1.365-.752 0-1.364-.612-1.364-1.365 0-.752.612-1.364 1.364-1.364zm10-2h-14.658v-1h7.658v-1h3v1h3v-13h-22v7l-1 3v-11h24v15zm-6-6h-4v-1h4v1zm-12.727-5c-1.278 0-2.315 1.038-2.315 2.316 0 1.278 1.037 2.316 2.315 2.316s2.316-1.038 2.316-2.316c0-1.278-1.038-2.316-2.316-2.316zm0 1c.726 0 1.316.59 1.316 1.316 0 .726-.59 1.316-1.316 1.316-.725 0-1.315-.59-1.315-1.316 0-.726.59-1.316 1.315-1.316zm15.727 2h-7v-1h7v1zm0-2h-7v-1h7v1z\"\/><\/svg>\n        \n        \n        \n            <\/div>\n    \n\n\n<\/div><h3 class=\"bde-heading-68-152 bde-heading\">\nRekrutacja\n<\/h3><div class=\"bde-text-68-153 bde-text\">\nW celu zapisania dziecka zapraszamy serdecznie do kontaktu telefonicznego lub poprzez<br>e-mail. Zainteresowanych rodzic\u00f3w zapraszamy do poznania naszego miejsca, a nast\u0119pnie<br>podpisania umowy i uiszczenia op\u0142aty rezerwacyjnej w celu zarezerwowania miejsca.\n<\/div><h3 class=\"bde-heading-68-154 bde-heading\">\nCennik\n<\/h3><div class=\"bde-rich-text-68-155 bde-rich-text breakdance-rich-text-styles\">\n<p>Koszt opieki (w przypadku korzystania przez rodzic\u00f3w z programu \u201cAktywnie w \u017c\u0142obku\u201d):<br \/>Miejsca dofinansowane z Funduszy UE: <strong>0 z\u0142 <\/strong>(do stycznia 2028 roku)<br \/>Miejsca bez dofinansowania: <strong>700 z\u0142<\/strong><br \/>Koszt wy\u017cywienia: <strong>20\u00a0z\u0142 \/ dzie\u0144<\/strong><\/p>\n<p>Op\u0142ata rezerwacyjna: 400 z\u0142 (bezzwrotna, p\u0142atna do 7 dni kalendarzowych po podpisaniu umowy. Op\u0142ata jest przeznaczana na: przygotowanie umowy i pozosta\u0142ych dokument\u00f3w zwi\u0105zanych z zapisem dziecka, spotkanie adaptacyjne z Rodzicami przed rozpocz\u0119ciem ucz\u0119szczania do Opiekuna Dziennego, zakup i przygotowanie le\u017caka, po\u015bcieli, sztu\u0107c\u00f3w, naczy\u0144 i innych ewentualnie potrzebnych element\u00f3w wyposa\u017cenia)<\/p>\n<\/div><div class=\"bde-button-68-156 bde-button\">\n    \n                        \n                        \n    \n    \n    \n    \n            \n                    \n            \n            \n\n    \n    \n    \n    \n    \n    <a class=\"breakdance-link button-atom button-atom--custom bde-button__button\" href=\"https:\/\/opiekadziennapoznan.pl\/index.php\/kontakt\/\" target=\"_self\" data-type=\"url\"  >\n\n    \n        <span class=\"button-atom__text\">Kontakt z nami<\/span>\n\n        \n        \n                <\/a>\n\n    \n\n\n<\/div>\n<\/div><div class=\"bde-column-68-157 bde-column\">\n  \n  \n\t\n\n\n\n<div class=\"bde-icon-68-158 bde-icon\">\n\n    \n            <div class=\"bde-icon-icon breakdance-icon-atom\" >\n    \n                    <svg xmlns=\"http:\/\/www.w3.org\/2000\/svg\" width=\"24\" height=\"24\" viewBox=\"0 0 24 24\" fill-rule=\"evenodd\" clip-rule=\"evenodd\"><path d=\"M7.285 1.942h.005-.005zm-4.133-1.942l-.765 2.412-2.359.917 2.057 1.474.144 2.527 2.038-1.501 2.447.643-.798-2.401 1.369-2.129-2.531.017-1.602-1.959zm.395 2.062l.736.901 1.162-.009-.629.978.366 1.104-1.123-.296-.937.69-.066-1.161-.945-.677 1.084-.422.352-1.108zm3.027 5.938l-3.619.469c.418 4.888-1.546 10.626-2.955 14.531 2.036-2.653 6.729-7.553 6.574-15m-1.016 1.14c-.164 3.308-1.348 6.078-2.705 8.308.69-2.563 1.225-5.419 1.152-8.107l1.553-.201zm15.269 2.436l-1.572 1.983-2.532.02 1.4 2.109-.763 2.413 2.439-.68 2.058 1.471.108-2.528 2.035-1.504-2.371-.883-.802-2.401zm-.363 2.068l.368 1.103 1.09.406-.936.691-.05 1.161-.945-.676-1.121.313.351-1.109-.643-.968 1.163-.009.723-.912zm-4.942.693c-6.271 1.285-12.065 6.879-13.919 9.663 5.435-3.695 10.819-5.736 14.592-6.001l-.673-3.662zm-.792 1.221l.287 1.563c-2.335.334-5.027 1.209-7.81 2.517 2.125-1.697 4.738-3.298 7.523-4.08m-5.805-.305c.276-.01.492-.241.483-.517-.101-2.966.579-3.95 2.91-4.211 2.769-.312 2.914-2.021 3.02-3.268.101-1.2.163-1.924 1.813-2.046 1.542-.113 2.398-.423 2.953-1.07.606-.706.791-1.771.641-3.678-.022-.275-.284-.475-.537-.459-.276.022-.482.263-.459.538.125 1.591.004 2.472-.403 2.947-.359.418-1.038.635-2.268.725-2.501.184-2.637 1.788-2.737 2.959-.105 1.241-.181 2.138-2.134 2.357-3.288.37-3.896 2.362-3.798 5.24.008.27.23.483.499.483h.017zm2.075-13.253c-1.104 0-2 .896-2 2s.896 2 2 2c1.103 0 2-.896 2-2s-.897-2-2-2m0 1c.551 0 1 .448 1 1 0 .551-.449 1-1 1-.551 0-1-.449-1-1 0-.552.449-1 1-1m10.011 2.978c-1.11 0-2.011.901-2.011 2.011s.901 2.011 2.011 2.011 2.011-.901 2.011-2.011-.901-2.011-2.011-2.011m0 1c.557 0 1.011.453 1.011 1.011 0 .557-.454 1.011-1.011 1.011-.558 0-1.011-.454-1.011-1.011 0-.558.453-1.011 1.011-1.011\"\/><\/svg>\n        \n        \n        \n            <\/div>\n    \n\n\n<\/div><h3 class=\"bde-heading-68-159 bde-heading\">\nAktualnie wolne miejsca\n<\/h3><div class=\"bde-text-68-160 bde-text\">\nRok szkolny 2025\/2026<br><br>Brak miejsc<br><br>Rok szkolny 2026\/2027<br><br>Brak miejsc<br><br>Rok szkolny 2027\/2028<br><br>4 wolne miejsca<br>\n<\/div>\n<\/div><\/div><\/div>\n<\/section>","protected":false},"excerpt":{"rendered":"<p>Rekrutacja Rekrutacja W celu zapisania dziecka zapraszamy serdecznie do kontaktu telefonicznego lub poprzeze-mail. Zainteresowanych rodzic\u00f3w zapraszamy do poznania naszego miejsca, a nast\u0119pniepodpisania umowy i uiszczenia op\u0142aty rezerwacyjnej w celu zarezerwowania miejsca. Cennik Koszt opieki (w przypadku korzystania przez rodzic\u00f3w z programu \u201cAktywnie w \u017c\u0142obku\u201d):Miejsca dofinansowane z Funduszy UE: 0 z\u0142 (do stycznia 2028 roku)Miejsca bez [&hellip;]<\/p>\n","protected":false},"author":1,"featured_media":0,"parent":0,"menu_order":0,"comment_status":"closed","ping_status":"closed","template":"","meta":{"_breakdance_hide_in_design_set":false,"_breakdance_tags":"","footnotes":""},"class_list":["post-68","page","type-page","status-publish","hentry"],"_links":{"self":[{"href":"https:\/\/opiekadziennapoznan.pl\/index.php\/wp-json\/wp\/v2\/pages\/68","targetHints":{"allow":["GET"]}}],"collection":[{"href":"https:\/\/opiekadziennapoznan.pl\/index.php\/wp-json\/wp\/v2\/pages"}],"about":[{"href":"https:\/\/opiekadziennapoznan.pl\/index.php\/wp-json\/wp\/v2\/types\/page"}],"author":[{"embeddable":true,"href":"https:\/\/opiekadziennapoznan.pl\/index.php\/wp-json\/wp\/v2\/users\/1"}],"replies":[{"embeddable":true,"href":"https:\/\/opiekadziennapoznan.pl\/index.php\/wp-json\/wp\/v2\/comments?post=68"}],"version-history":[{"count":9,"href":"https:\/\/opiekadziennapoznan.pl\/index.php\/wp-json\/wp\/v2\/pages\/68\/revisions"}],"predecessor-version":[{"id":210,"href":"https:\/\/opiekadziennapoznan.pl\/index.php\/wp-json\/wp\/v2\/pages\/68\/revisions\/210"}],"wp:attachment":[{"href":"https:\/\/opiekadziennapoznan.pl\/index.php\/wp-json\/wp\/v2\/media?parent=68"}],"curies":[{"name":"wp","href":"https:\/\/api.w.org\/{rel}","templated":true}]}}