{"id":72,"date":"2025-03-10T18:24:14","date_gmt":"2025-03-10T18:24:14","guid":{"rendered":"https:\/\/opiekadziennapoznan.pl\/?page_id=72"},"modified":"2025-06-30T17:24:55","modified_gmt":"2025-06-30T17:24:55","slug":"o-opiece","status":"publish","type":"page","link":"https:\/\/opiekadziennapoznan.pl\/index.php\/o-opiece\/","title":{"rendered":"O opiece"},"content":{"rendered":"<section class=\"bde-section-72-100 bde-section\">\n  \n  \n\t\n\n\n\n<div class=\"section-container\"><div class=\"bde-columns-72-101 bde-columns\"><div class=\"bde-column-72-102 bde-column\">\n  \n  \n\t\n\n\n\n<h2 class=\"bde-heading-72-103 bde-heading\">\nO mnie\n<\/h2><div class=\"bde-text-72-104 bde-text\">\nZ wykszta\u0142cenia jestem pedagogiem wczesnego wspomagania rozwoju dziecka oraz logoped\u0105. Opiek\u0105 nad maluchami zajmuj\u0119 si\u0119 od kilku lat; pomys\u0142 \u0142\u0105czenia opieki nad wi\u0119cej, ni\u017c jednym dzieckiem przyszed\u0142 do mnie za spraw\u0105 mojej c\u00f3rki, kt\u00f3rej nie chcia\u0142am posy\u0142a\u0107 do \u017c\u0142obka.<br><br>Nie chcia\u0142am, bo kiedy w jednym z nich dowiedzia\u0142am si\u0119, \u017ce dzieci s\u0105 sadzane na nocnikach i \u015bpiewaj\u0105 kilka piosenek czekaj\u0105c, a\u017c za\u0142atwi\u0105 swoje potrzeby, stwierdzi\u0142am, \u017ce takie traktowanie dzieci mi nie odpowiada. To by\u0142 jeden z argument\u00f3w - innymi by\u0142y ilo\u015b\u0107 bod\u017ac\u00f3w w tak du\u017cej grupie, czy cz\u0119stotliwo\u015b\u0107 chorowania.<br>\n<\/div><div class=\"bde-button-72-106 bde-button\">\n    \n                        \n                        \n    \n    \n    \n    \n            \n            <button type=\"button\" class=\"button-atom button-atom--custom bde-button__button\"  >\n    \n        <span class=\"button-atom__text\">Book now<\/span>\n\n                            \n        \n            <\/button>\n    \n\n\n<\/div>\n<\/div><div class=\"bde-column-72-107 bde-column\">\n  \n  \n\t\n\n\n\n<div class=\"bde-image-72-108 bde-image\">\n<figure class=\"breakdance-image breakdance-image--41\">\n\t<div class=\"breakdance-image-container\">\n\t\t<div class=\"breakdance-image-clip\"><img loading=\"lazy\" decoding=\"async\" class=\"breakdance-image-object\" src=\"http:\/\/opiekadziennapoznan.pl\/wp-content\/uploads\/2025\/02\/Cytaty-na-strone.png\" width=\"940\" height=\"788\" srcset=\"https:\/\/opiekadziennapoznan.pl\/wp-content\/uploads\/2025\/02\/Cytaty-na-strone.png 940w, https:\/\/opiekadziennapoznan.pl\/wp-content\/uploads\/2025\/02\/Cytaty-na-strone-300x251.png 300w, https:\/\/opiekadziennapoznan.pl\/wp-content\/uploads\/2025\/02\/Cytaty-na-strone-768x644.png 768w\" sizes=\"auto, (max-width: 940px) 100vw, 940px\"><\/div>\n\t<\/div><\/figure>\n\n<\/div>\n<\/div><\/div><\/div>\n<\/section><section class=\"bde-section-72-114 bde-section\">\n  \n  \n\t\n\n\n\n<div class=\"section-container\"><div class=\"bde-columns-72-115 bde-columns\"><div class=\"bde-column-72-116 bde-column\">\n  \n  \n\t\n\n\n\n<div class=\"bde-text-72-118 bde-text\">\nJestem zwolenniczk\u0105 traktowania dzieci tak samo, jak ja chcia\u0142abym by\u0107 traktowana. Doro\u015bli nie \u015bpiewaj\u0105 na toalecie, wi\u0119c dlaczego ma to robi\u0107 dziecko? Uwa\u017cam, \u017ce dzieci maj\u0105 prawo korzysta\u0107 z nocnika wtedy, kiedy potrzebuj\u0105 i s\u0105 na to gotowe. Do zmiany pieluchy nie wtedy, kiedy jest pora przewijania wszystkich, ale wtedy, kiedy jest taka potrzeba.<br><br>Wiem te\u017c, \u017ce dzieci s\u0105 wystarczaj\u0105co kompetentne, \u017ceby same zdecydowa\u0107, ile i czy w og\u00f3le potrzebuj\u0105 zje\u015b\u0107. \u017be maj\u0105 prawo nie chcie\u0107 by\u0107 dotykane, przytulane i to jest ok, ale gdy potrzebuj\u0105 utulenia, trzeba im to da\u0107 najszybciej, jak to tylko mo\u017cliwe. \u017be wszystkie emocje s\u0105 w porz\u0105dku, a moj\u0105 rol\u0105 jest pom\u00f3c w nauczenia si\u0119 wyra\u017cania z\u0142o\u015bci w taki spos\u00f3b, \u017ceby nie narusza\u0107 granic innych os\u00f3b.<br><br>\n<\/div>\n<\/div><div class=\"bde-column-72-117 bde-column\">\n  \n  \n\t\n\n\n\n<div class=\"bde-text-72-119 bde-text\">\nI wreszcie, \u017ce dzieci ucz\u0105 si\u0119 nie przez to, co do nich m\u00f3wimy, ale poprzez na\u015bladowanie nas, doros\u0142ych.<br>W opiece kieruj\u0119 si\u0119 warto\u015bciami rodzicielstwa blisko\u015bci; nie ma u mnie kar i nagr\u00f3d, nikt nie jest grzeczny ani niegrzeczny, bo ucz\u0119 dzieci, by ocenia\u0107 zachowania, a nie ludzi.<br><br>Zawsze towarzyszy mi my\u015bl: czy to, co chcesz powiedzie\u0107 albo zrobi\u0107 wobec dziecka, powiedzia\u0142aby\u015b\/ zrobi\u0142aby\u015b wobec swojej przyjaci\u00f3\u0142ki?<br><br>Chc\u0119, aby \u201cmoje\u201d dzieci sz\u0142y dalej w \u015bwiat nape\u0142nione szacunkiem do siebie i innych, ch\u0119tne, by pomaga\u0107 oraz ciesz\u0105ce si\u0119 z tego, \u017ce s\u0105 dobre, ciekawe \u015bwiata i otwarte na dalsze jego poznawanie.\n<\/div>\n<\/div><\/div><\/div>\n<\/section><section class=\"bde-section-72-257 bde-section\">\n  \n  \n\t\n\n\n\n<div class=\"section-container\"><h2 class=\"bde-heading-72-223 bde-heading\">\nNasza grupa\n<\/h2><\/div>\n<\/section><section class=\"bde-section-72-217 bde-section\">\n  \n  \n\t\n\n\n\n<div class=\"section-container\"><div class=\"bde-columns-72-218 bde-columns\"><div class=\"bde-column-72-219 bde-column\">\n  \n  \n\t\n\n\n\n<div class=\"bde-text-72-224 bde-text\">\nNasza ekipa sk\u0142ada si\u0119 z o\u015bmiu dzieci i dw\u00f3ch cio\u0107. Kameralno\u015b\u0107 grupy sprawia, \u017ce dzieci dobrze si\u0119 znaj\u0105, szybko si\u0119 adaptuj\u0105 i rzadko choruj\u0105. Zr\u00f3\u017cnicowana wiekowo grupa daje starszym dzieciom mo\u017cliwo\u015b\u0107 nauki opieki opiekowania si\u0119 m\u0142odszymi i s\u0142abszymi, a m\u0142odszym uczenia si\u0119 od starszych nowych uymiej\u0119tno\u015bci. \n<\/div>\n<\/div><div class=\"bde-column-72-225 bde-column\">\n  \n  \n\t\n\n\n\n<div class=\"bde-image-72-226 bde-image\">\n<figure class=\"breakdance-image breakdance-image--45\">\n\t<div class=\"breakdance-image-container\">\n\t\t<div class=\"breakdance-image-clip\"><img loading=\"lazy\" decoding=\"async\" class=\"breakdance-image-object\" src=\"http:\/\/opiekadziennapoznan.pl\/wp-content\/uploads\/2025\/03\/480772139_122102844680781890_2974399371697163872_n.jpg\" width=\"2040\" height=\"1530\" srcset=\"https:\/\/opiekadziennapoznan.pl\/wp-content\/uploads\/2025\/03\/480772139_122102844680781890_2974399371697163872_n.jpg 2040w, https:\/\/opiekadziennapoznan.pl\/wp-content\/uploads\/2025\/03\/480772139_122102844680781890_2974399371697163872_n-300x225.jpg 300w, https:\/\/opiekadziennapoznan.pl\/wp-content\/uploads\/2025\/03\/480772139_122102844680781890_2974399371697163872_n-1024x768.jpg 1024w, https:\/\/opiekadziennapoznan.pl\/wp-content\/uploads\/2025\/03\/480772139_122102844680781890_2974399371697163872_n-768x576.jpg 768w, https:\/\/opiekadziennapoznan.pl\/wp-content\/uploads\/2025\/03\/480772139_122102844680781890_2974399371697163872_n-1536x1152.jpg 1536w\" sizes=\"auto, (max-width: 2040px) 100vw, 2040px\"><\/div>\n\t<\/div><\/figure>\n\n<\/div>\n<\/div><\/div><\/div>\n<\/section><section class=\"bde-section-72-258 bde-section\">\n  \n  \n\t\n\n\n\n<div class=\"section-container\"><h2 class=\"bde-heading-72-259 bde-heading\">\nNasz domek\n<\/h2><\/div>\n<\/section><section class=\"bde-section-72-227 bde-section\">\n  \n  \n\t\n\n\n\n<div class=\"section-container\"><div class=\"bde-columns-72-228 bde-columns\"><div class=\"bde-column-72-229 bde-column\">\n  \n  \n\t\n\n\n\n<div class=\"bde-image-72-260 bde-image\">\n<figure class=\"breakdance-image breakdance-image--49\">\n\t<div class=\"breakdance-image-container\">\n\t\t<div class=\"breakdance-image-clip\"><img loading=\"lazy\" decoding=\"async\" class=\"breakdance-image-object\" src=\"http:\/\/opiekadziennapoznan.pl\/wp-content\/uploads\/2025\/03\/481117109_122100246422781890_1247535420570475204_n.jpg\" width=\"1536\" height=\"2048\" srcset=\"https:\/\/opiekadziennapoznan.pl\/wp-content\/uploads\/2025\/03\/481117109_122100246422781890_1247535420570475204_n.jpg 1536w, https:\/\/opiekadziennapoznan.pl\/wp-content\/uploads\/2025\/03\/481117109_122100246422781890_1247535420570475204_n-225x300.jpg 225w, https:\/\/opiekadziennapoznan.pl\/wp-content\/uploads\/2025\/03\/481117109_122100246422781890_1247535420570475204_n-768x1024.jpg 768w, https:\/\/opiekadziennapoznan.pl\/wp-content\/uploads\/2025\/03\/481117109_122100246422781890_1247535420570475204_n-1152x1536.jpg 1152w\" sizes=\"auto, (max-width: 1536px) 100vw, 1536px\"><\/div>\n\t<\/div><\/figure>\n\n<\/div>\n<\/div><div class=\"bde-column-72-231 bde-column\">\n  \n  \n\t\n\n\n\n<div class=\"bde-div-72-234 bde-div\">\n  \n  \n\t\n\n\n\n<h2 class=\"bde-heading-72-235 bde-heading\">\nPok\u00f3j zabaw<br>\n<\/h2><div class=\"bde-text-72-236 bde-text\">\nW tym miejscu sp\u0119dzamy najwi\u0119cej czasu. Bawimy si\u0119, czytamy, budujemy, wspinamy si\u0119, skaczemy, uk\u0142adamy, ta\u0144czymy, gramy, a po zupce - jest czas na odpoczynek na le\u017cakach.<br><br>Wyposa\u017cenie zosta\u0142o dobrane tak, by mo\u017cliwe by\u0142o zaspokojenie potrzeb wszystkich zmys\u0142\u00f3w, dlatego mamy na przyk\u0142ad klepsydry z przelewaj\u0105c\u0105 si\u0119 kolorow\u0105 zawarto\u015bci\u0105, instrumenty muzyczne, d\u017awi\u0119kowe memory, grzechotki, tor r\u00f3wnowa\u017cny, pi\u0142ki o r\u00f3\u017cnych kszta\u0142tach i fakturach, tor piankowy czy ko\u0142a z r\u00f3\u017cnymi wypustkami, po kt\u00f3rych mo\u017cna spacerowa\u0107.<br><br> Dla zm\u0119czonych wra\u017ceniami - jest k\u0105cik odpoczynku z poduszkami i biblioteczk\u0105 z ksi\u0105\u017ceczkami do czytania i ogl\u0105dania.\n<\/div>\n<\/div>\n<\/div><\/div><\/div>\n<\/section><section class=\"bde-section-72-237 bde-section\">\n  \n  \n\t\n\n\n\n<div class=\"section-container\"><div class=\"bde-columns-72-238 bde-columns\"><div class=\"bde-column-72-239 bde-column\">\n  \n  \n\t\n\n\n\n<div class=\"bde-div-72-263 bde-div\">\n  \n  \n\t\n\n\n\n<h2 class=\"bde-heading-72-264 bde-heading\">\nJadalnia<br>\n<\/h2><div class=\"bde-text-72-265 bde-text\">\nTutaj maluchy zjadaj\u0105 4 posi\u0142ki w ci\u0105gu dnia: \u015bniadanie, zup\u0119, drugie danie oraz podwieczorek. Dbamy, by jedzenie by\u0142o zdrowe i zr\u00f3\u017cnicowane; z nowymi i znanymi smakami.<br><br>Nie korzystamy z cateringu! Codziennie serwujemy dzieciom \u015bwie\u017ce, domowe posi\u0142ki. <br><br>W tym miejscu, korzystaj\u0105c ze sto\u0142u sp\u0119dzamy tak\u017ce czas na rysowaniu, malowaniu i innych pracach plastycznych.\n<\/div>\n<\/div>\n<\/div><div class=\"bde-column-72-245 bde-column\">\n  \n  \n\t\n\n\n\n<div class=\"bde-image-72-246 bde-image\">\n<figure class=\"breakdance-image breakdance-image--52\">\n\t<div class=\"breakdance-image-container\">\n\t\t<div class=\"breakdance-image-clip\"><img loading=\"lazy\" decoding=\"async\" class=\"breakdance-image-object\" src=\"http:\/\/opiekadziennapoznan.pl\/wp-content\/uploads\/2025\/03\/481328764_122099904446781890_8135741853496513045_n.jpg\" width=\"1536\" height=\"2048\" srcset=\"https:\/\/opiekadziennapoznan.pl\/wp-content\/uploads\/2025\/03\/481328764_122099904446781890_8135741853496513045_n.jpg 1536w, https:\/\/opiekadziennapoznan.pl\/wp-content\/uploads\/2025\/03\/481328764_122099904446781890_8135741853496513045_n-225x300.jpg 225w, https:\/\/opiekadziennapoznan.pl\/wp-content\/uploads\/2025\/03\/481328764_122099904446781890_8135741853496513045_n-768x1024.jpg 768w, https:\/\/opiekadziennapoznan.pl\/wp-content\/uploads\/2025\/03\/481328764_122099904446781890_8135741853496513045_n-1152x1536.jpg 1152w\" sizes=\"auto, (max-width: 1536px) 100vw, 1536px\"><\/div>\n\t<\/div><\/figure>\n\n<\/div>\n<\/div><\/div><\/div>\n<\/section><section class=\"bde-section-72-273 bde-section\">\n  \n  \n\t\n\n\n\n<div class=\"section-container\"><div class=\"bde-columns-72-274 bde-columns\"><div class=\"bde-column-72-275 bde-column\">\n  \n  \n\t\n\n\n\n<div class=\"bde-image-72-276 bde-image\">\n<figure class=\"breakdance-image breakdance-image--47\">\n\t<div class=\"breakdance-image-container\">\n\t\t<div class=\"breakdance-image-clip\"><img loading=\"lazy\" decoding=\"async\" class=\"breakdance-image-object\" src=\"http:\/\/opiekadziennapoznan.pl\/wp-content\/uploads\/2025\/03\/480836682_122100120452781890_2405114111482040851_n.jpg\" width=\"2048\" height=\"1536\" srcset=\"https:\/\/opiekadziennapoznan.pl\/wp-content\/uploads\/2025\/03\/480836682_122100120452781890_2405114111482040851_n.jpg 2048w, https:\/\/opiekadziennapoznan.pl\/wp-content\/uploads\/2025\/03\/480836682_122100120452781890_2405114111482040851_n-300x225.jpg 300w, https:\/\/opiekadziennapoznan.pl\/wp-content\/uploads\/2025\/03\/480836682_122100120452781890_2405114111482040851_n-1024x768.jpg 1024w, https:\/\/opiekadziennapoznan.pl\/wp-content\/uploads\/2025\/03\/480836682_122100120452781890_2405114111482040851_n-768x576.jpg 768w, https:\/\/opiekadziennapoznan.pl\/wp-content\/uploads\/2025\/03\/480836682_122100120452781890_2405114111482040851_n-1536x1152.jpg 1536w\" sizes=\"auto, (max-width: 2048px) 100vw, 2048px\"><\/div>\n\t<\/div><\/figure>\n\n<\/div>\n<\/div><div class=\"bde-column-72-277 bde-column\">\n  \n  \n\t\n\n\n\n<div class=\"bde-div-72-278 bde-div\">\n  \n  \n\t\n\n\n\n<h2 class=\"bde-heading-72-279 bde-heading\">\nPlac zabaw<br>\n<\/h2><div class=\"bde-text-72-280 bde-text\">\nTo przestrze\u0144, kt\u00f3ra ma jedn\u0105 wad\u0119 - dzieci nie chc\u0105 jej opuszcza\u0107 \ud83d\ude09<br><br>Na du\u017cym tarasie przynale\u017c\u0105cym do mieszkania mamy dwie piaskownice z wyposa\u017ceniem, kuchni\u0119 b\u0142otn\u0105, wag\u0119 z wiadrami, drewniany domek, tunel - g\u0105sienic\u0119, fontann\u0119 do eksperyment\u00f3w z wod\u0105, \u015bcie\u017ck\u0119 r\u00f3wnowa\u017cn\u0105, pi\u0142ki i bramk\u0119, hu\u015btawk\u0119 4-osobow\u0105, bujaki, zje\u017cd\u017calni\u0119, pojazdy ma\u0142e i du\u017ce oraz kred\u0119 do ozdabiania naszego muru.<br><br>W ramach wyj\u015b\u0107 na dw\u00f3r odwiedzamy tak\u017ce pobliski park Heweliusza i znajduj\u0105ce si\u0119 tam place zabaw, gdzie dzieci opr\u00f3cz zabawy maj\u0105 tak\u017ce okazj\u0119 do nawi\u0105zywania dodatkowych znajomo\u015bci z innymi, r\u00f3wnie cz\u0119sto odwiedzaj\u0105cymi plac maluchami.\n<\/div>\n<\/div>\n<\/div><\/div><\/div>\n<\/section><section class=\"bde-section-72-247 bde-section\">\n  \n  \n\t\n\n\n\n<div class=\"section-container\"><div class=\"bde-columns-72-248 bde-columns\"><div class=\"bde-column-72-249 bde-column\">\n  \n  \n\t\n\n\n\n<div class=\"bde-image-box-72-253 bde-image-box\">\n<div class=\"ee-imagebox-image\">\n  <img loading=\"lazy\" decoding=\"async\" class=\"breakdance-image-object\" src=\"http:\/\/opiekadziennapoznan.pl\/wp-content\/uploads\/2025\/03\/20250125_211157-scaled.jpg\" width=\"1920\" height=\"2560\" srcset=\"https:\/\/opiekadziennapoznan.pl\/wp-content\/uploads\/2025\/03\/20250125_211157-scaled.jpg 1920w, https:\/\/opiekadziennapoznan.pl\/wp-content\/uploads\/2025\/03\/20250125_211157-225x300.jpg 225w, https:\/\/opiekadziennapoznan.pl\/wp-content\/uploads\/2025\/03\/20250125_211157-768x1024.jpg 768w, https:\/\/opiekadziennapoznan.pl\/wp-content\/uploads\/2025\/03\/20250125_211157-1152x1536.jpg 1152w, https:\/\/opiekadziennapoznan.pl\/wp-content\/uploads\/2025\/03\/20250125_211157-1536x2048.jpg 1536w\" sizes=\"auto, (max-width: 1920px) 100vw, 1920px\">\n<\/div>\n<div class=\"ee-imagebox-content\">\n      <p class=\"ee-imagebox-title bde-h3\" >Szatnia<\/p>\n    \n    \n  <\/div>\n\n<\/div>\n<\/div><div class=\"bde-column-72-250 bde-column\">\n  \n  \n\t\n\n\n\n<div class=\"bde-image-box-72-254 bde-image-box\">\n<div class=\"ee-imagebox-image\">\n  <img loading=\"lazy\" decoding=\"async\" class=\"breakdance-image-object\" src=\"http:\/\/opiekadziennapoznan.pl\/wp-content\/uploads\/2025\/03\/20250127_132543-scaled.jpg\" width=\"1920\" height=\"2560\" srcset=\"https:\/\/opiekadziennapoznan.pl\/wp-content\/uploads\/2025\/03\/20250127_132543-scaled.jpg 1920w, https:\/\/opiekadziennapoznan.pl\/wp-content\/uploads\/2025\/03\/20250127_132543-225x300.jpg 225w, https:\/\/opiekadziennapoznan.pl\/wp-content\/uploads\/2025\/03\/20250127_132543-768x1024.jpg 768w, https:\/\/opiekadziennapoznan.pl\/wp-content\/uploads\/2025\/03\/20250127_132543-1152x1536.jpg 1152w, https:\/\/opiekadziennapoznan.pl\/wp-content\/uploads\/2025\/03\/20250127_132543-1536x2048.jpg 1536w\" sizes=\"auto, (max-width: 1920px) 100vw, 1920px\">\n<\/div>\n<div class=\"ee-imagebox-content\">\n      <p class=\"ee-imagebox-title bde-h3\" >Przedpok\u00f3j<\/p>\n    \n    \n  <\/div>\n\n<\/div>\n<\/div><div class=\"bde-column-72-251 bde-column\">\n  \n  \n\t\n\n\n\n<div class=\"bde-image-box-72-255 bde-image-box\">\n<div class=\"ee-imagebox-image\">\n  <img loading=\"lazy\" decoding=\"async\" class=\"breakdance-image-object\" src=\"http:\/\/opiekadziennapoznan.pl\/wp-content\/uploads\/2025\/03\/20250126_235609-scaled.jpg\" width=\"1920\" height=\"2560\" srcset=\"https:\/\/opiekadziennapoznan.pl\/wp-content\/uploads\/2025\/03\/20250126_235609-scaled.jpg 1920w, https:\/\/opiekadziennapoznan.pl\/wp-content\/uploads\/2025\/03\/20250126_235609-225x300.jpg 225w, https:\/\/opiekadziennapoznan.pl\/wp-content\/uploads\/2025\/03\/20250126_235609-768x1024.jpg 768w, https:\/\/opiekadziennapoznan.pl\/wp-content\/uploads\/2025\/03\/20250126_235609-1152x1536.jpg 1152w, https:\/\/opiekadziennapoznan.pl\/wp-content\/uploads\/2025\/03\/20250126_235609-1536x2048.jpg 1536w\" sizes=\"auto, (max-width: 1920px) 100vw, 1920px\">\n<\/div>\n<div class=\"ee-imagebox-content\">\n      <p class=\"ee-imagebox-title bde-h3\" >Kuchnia<\/p>\n    \n    \n  <\/div>\n\n<\/div>\n<\/div><div class=\"bde-column-72-252 bde-column\">\n  \n  \n\t\n\n\n\n<div class=\"bde-image-box-72-256 bde-image-box\">\n<div class=\"ee-imagebox-image\">\n  <img loading=\"lazy\" decoding=\"async\" class=\"breakdance-image-object\" src=\"http:\/\/opiekadziennapoznan.pl\/wp-content\/uploads\/2025\/03\/20250127_132019-scaled.jpg\" width=\"1920\" height=\"2560\" srcset=\"https:\/\/opiekadziennapoznan.pl\/wp-content\/uploads\/2025\/03\/20250127_132019-scaled.jpg 1920w, https:\/\/opiekadziennapoznan.pl\/wp-content\/uploads\/2025\/03\/20250127_132019-225x300.jpg 225w, https:\/\/opiekadziennapoznan.pl\/wp-content\/uploads\/2025\/03\/20250127_132019-768x1024.jpg 768w, https:\/\/opiekadziennapoznan.pl\/wp-content\/uploads\/2025\/03\/20250127_132019-1152x1536.jpg 1152w, https:\/\/opiekadziennapoznan.pl\/wp-content\/uploads\/2025\/03\/20250127_132019-1536x2048.jpg 1536w\" sizes=\"auto, (max-width: 1920px) 100vw, 1920px\">\n<\/div>\n<div class=\"ee-imagebox-content\">\n      <p class=\"ee-imagebox-title bde-h3\" >\u0141azienka<\/p>\n    \n    \n  <\/div>\n\n<\/div>\n<\/div><\/div><\/div>\n<\/section>","protected":false},"excerpt":{"rendered":"<p>O mnie Z wykszta\u0142cenia jestem pedagogiem wczesnego wspomagania rozwoju dziecka oraz logoped\u0105. Opiek\u0105 nad maluchami zajmuj\u0119 si\u0119 od kilku lat; pomys\u0142 \u0142\u0105czenia opieki nad wi\u0119cej, ni\u017c jednym dzieckiem przyszed\u0142 do mnie za spraw\u0105 mojej c\u00f3rki, kt\u00f3rej nie chcia\u0142am posy\u0142a\u0107 do \u017c\u0142obka.Nie chcia\u0142am, bo kiedy w jednym z nich dowiedzia\u0142am si\u0119, \u017ce dzieci s\u0105 sadzane na [&hellip;]<\/p>\n","protected":false},"author":1,"featured_media":0,"parent":0,"menu_order":0,"comment_status":"closed","ping_status":"closed","template":"","meta":{"_breakdance_hide_in_design_set":false,"_breakdance_tags":"","footnotes":""},"class_list":["post-72","page","type-page","status-publish","hentry"],"_links":{"self":[{"href":"https:\/\/opiekadziennapoznan.pl\/index.php\/wp-json\/wp\/v2\/pages\/72","targetHints":{"allow":["GET"]}}],"collection":[{"href":"https:\/\/opiekadziennapoznan.pl\/index.php\/wp-json\/wp\/v2\/pages"}],"about":[{"href":"https:\/\/opiekadziennapoznan.pl\/index.php\/wp-json\/wp\/v2\/types\/page"}],"author":[{"embeddable":true,"href":"https:\/\/opiekadziennapoznan.pl\/index.php\/wp-json\/wp\/v2\/users\/1"}],"replies":[{"embeddable":true,"href":"https:\/\/opiekadziennapoznan.pl\/index.php\/wp-json\/wp\/v2\/comments?post=72"}],"version-history":[{"count":25,"href":"https:\/\/opiekadziennapoznan.pl\/index.php\/wp-json\/wp\/v2\/pages\/72\/revisions"}],"predecessor-version":[{"id":168,"href":"https:\/\/opiekadziennapoznan.pl\/index.php\/wp-json\/wp\/v2\/pages\/72\/revisions\/168"}],"wp:attachment":[{"href":"https:\/\/opiekadziennapoznan.pl\/index.php\/wp-json\/wp\/v2\/media?parent=72"}],"curies":[{"name":"wp","href":"https:\/\/api.w.org\/{rel}","templated":true}]}}