{"id":82,"date":"2025-03-10T18:42:39","date_gmt":"2025-03-10T18:42:39","guid":{"rendered":"https:\/\/opiekadziennapoznan.pl\/?page_id=82"},"modified":"2025-06-30T16:04:41","modified_gmt":"2025-06-30T16:04:41","slug":"kontakt","status":"publish","type":"page","link":"https:\/\/opiekadziennapoznan.pl\/index.php\/kontakt\/","title":{"rendered":"Kontakt"},"content":{"rendered":"<section class=\"bde-section-82-105 bde-section\">\n  \n  \n\t\n\n\n\n<div class=\"section-container\"><h1 class=\"bde-heading-82-106 bde-heading\">\nKontakt\n<\/h1><\/div>\n<\/section><section class=\"bde-section-82-108 bde-section\">\n              \n  \n  \n\t\n\n\n\n<div class=\"section-container\"><div class=\"bde-columns-82-109 bde-columns\"><div class=\"bde-column-82-110 bde-column\">\n  \n  \n\t\n\n\n\n<h2 class=\"bde-heading-82-111 bde-heading\">\nKontakt \n<\/h2><div class=\"bde-text-82-112 bde-text\">\nW celu zapisania dziecka zapraszamy serdecznie do kontaktu telefonicznego lub poprzez e-mail. <br><br>Zainteresowanych rodzic\u00f3w zapraszamy do poznania naszego miejsca, a nast\u0119pnie podpisania umowy w celu zarezerwowania miejsca.<br><br>Przyjmujemy ju\u017c zapisy na wrzesie\u0144 2026 \ud83d\ude42<br>\n<\/div><div class=\"bde-icon-list-82-113 bde-icon-list bde-icon-list--background\">\n<ul>\n  \n              \n    <li>\n              <div class='bde-icon-list__item-wrapper'>\n      \n      <span class='bde-icon-list__icon'>\n        <svg xmlns=\"http:\/\/www.w3.org\/2000\/svg\" width=\"48\" height=\"48\" viewBox=\"0 0 48 48\" fill=\"none\">\n<g clip-path=\"url(#clip0_19_791)\">\n<path d=\"M33.3333 5.3335H14.6667C13.9594 5.3335 13.2811 5.61445 12.781 6.11454C12.281 6.61464 12 7.29292 12 8.00016V40.0002C12 40.7074 12.281 41.3857 12.781 41.8858C13.2811 42.3859 13.9594 42.6668 14.6667 42.6668H33.3333C34.0406 42.6668 34.7189 42.3859 35.219 41.8858C35.719 41.3857 36 40.7074 36 40.0002V8.00016C36 7.29292 35.719 6.61464 35.219 6.11454C34.7189 5.61445 34.0406 5.3335 33.3333 5.3335ZM25.3333 40.0002H22.6667V37.3335H25.3333V40.0002ZM14.6667 34.6668V8.00016H33.3333V34.6668H14.6667Z\" fill=\"white\"\/>\n<\/g>\n<defs>\n<clipPath id=\"clip0_19_791\">\n<rect width=\"48\" height=\"48\" fill=\"white\"\/>\n<\/clipPath>\n<\/defs>\n<\/svg>\n      <\/span>\n      <span class='bde-icon-list__text' >\n      Telefon <br>+ 48 697 978 316\n      <\/span>\n              <\/div>\n      \n    <\/li>\n\n  \n              \n    <li>\n              <div class='bde-icon-list__item-wrapper'>\n      \n      <span class='bde-icon-list__icon'>\n        <svg xmlns=\"http:\/\/www.w3.org\/2000\/svg\" width=\"48\" height=\"48\" viewBox=\"0 0 48 48\" fill=\"none\">\n<path d=\"M24 3C19.6255 3.00516 15.4317 4.74521 12.3385 7.83844C9.24522 10.9317 7.50518 15.1255 7.50002 19.5C7.49478 23.0748 8.66249 26.5527 10.824 29.4C10.824 29.4 11.274 29.9925 11.3475 30.078L24 45L36.6585 30.0705C36.7245 29.991 37.176 29.4 37.176 29.4L37.1775 29.3955C39.338 26.5494 40.5051 23.0732 40.5 19.5C40.4949 15.1255 38.7548 10.9317 35.6616 7.83844C32.5683 4.74521 28.3745 3.00516 24 3ZM24 25.5C22.8133 25.5 21.6533 25.1481 20.6666 24.4888C19.6799 23.8295 18.9109 22.8925 18.4567 21.7961C18.0026 20.6997 17.8838 19.4933 18.1153 18.3295C18.3468 17.1656 18.9183 16.0965 19.7574 15.2574C20.5965 14.4182 21.6656 13.8468 22.8295 13.6153C23.9934 13.3838 25.1998 13.5026 26.2961 13.9567C27.3925 14.4108 28.3295 15.1799 28.9888 16.1666C29.6481 17.1533 30 18.3133 30 19.5C29.998 21.0907 29.3653 22.6157 28.2405 23.7404C27.1157 24.8652 25.5907 25.498 24 25.5Z\" fill=\"white\"\/>\n<\/svg>\n      <\/span>\n      <span class='bde-icon-list__text' >\n      Adres<br>ul. Macieja Palacza 120e\/1 Pozna\u0144 60-278\n      <\/span>\n              <\/div>\n      \n    <\/li>\n\n  \n              \n    <li>\n              <div class='bde-icon-list__item-wrapper'>\n      \n      <span class='bde-icon-list__icon'>\n        <svg xmlns=\"http:\/\/www.w3.org\/2000\/svg\" width=\"51\" height=\"51\" viewBox=\"0 0 51 51\" fill=\"none\">\n<path d=\"M48.45 36.9752V14.0252C48.45 11.9087 46.7415 10.2002 44.625 10.2002H8.89952C6.78302 10.2002 5.07452 11.9087 5.07452 14.0252V36.9752C5.07452 39.0917 6.78302 40.8002 8.89952 40.8002H44.625C46.7415 40.8002 48.45 39.0917 48.45 36.9752ZM45.1095 13.7447C45.951 14.5862 45.492 15.4532 45.033 15.8867L34.68 25.3727L44.625 35.7257C44.931 36.0827 45.135 36.6437 44.778 37.0262C44.4465 37.4342 43.6815 37.4087 43.35 37.1537L32.2065 27.6422L26.7495 32.6147L21.318 27.6422L10.1745 37.1537C9.84302 37.4087 9.07802 37.4342 8.74652 37.0262C8.38952 36.6437 8.59352 36.0827 8.89952 35.7257L18.8445 25.3727L8.49152 15.8867C8.03252 15.4532 7.57352 14.5862 8.41502 13.7447C9.25652 12.9032 10.1235 13.3112 10.8375 13.9232L26.7495 26.7752L42.687 13.9232C43.401 13.3112 44.268 12.9032 45.1095 13.7447Z\" fill=\"white\"\/>\n<\/svg>\n      <\/span>\n      <span class='bde-icon-list__text' >\n      Email<br>kontakt@opiekadziennapoznan.pl\n      <\/span>\n              <\/div>\n      \n    <\/li>\n\n  <\/ul>\n\n<\/div>\n<\/div><div class=\"bde-column-82-114 bde-column\">\n  \n  \n\t\n\n\n\n<img decoding=\"async\" class=\"bde-image2-82-137 bde-image2\" src=\"http:\/\/opiekadziennapoznan.pl\/wp-content\/uploads\/2025\/03\/480772139_122102844680781890_2974399371697163872_n.jpg\" loading=\"lazy\" srcset=\"https:\/\/opiekadziennapoznan.pl\/wp-content\/uploads\/2025\/03\/480772139_122102844680781890_2974399371697163872_n.jpg 2040w, https:\/\/opiekadziennapoznan.pl\/wp-content\/uploads\/2025\/03\/480772139_122102844680781890_2974399371697163872_n-300x225.jpg 300w, https:\/\/opiekadziennapoznan.pl\/wp-content\/uploads\/2025\/03\/480772139_122102844680781890_2974399371697163872_n-1024x768.jpg 1024w, https:\/\/opiekadziennapoznan.pl\/wp-content\/uploads\/2025\/03\/480772139_122102844680781890_2974399371697163872_n-768x576.jpg 768w, https:\/\/opiekadziennapoznan.pl\/wp-content\/uploads\/2025\/03\/480772139_122102844680781890_2974399371697163872_n-1536x1152.jpg 1536w\" sizes=\"(max-width: 2040px) 100vw, 2040px\">\n<\/div><\/div><\/div>\n<\/section>","protected":false},"excerpt":{"rendered":"<p>Kontakt Kontakt W celu zapisania dziecka zapraszamy serdecznie do kontaktu telefonicznego lub poprzez e-mail. Zainteresowanych rodzic\u00f3w zapraszamy do poznania naszego miejsca, a nast\u0119pnie podpisania umowy w celu zarezerwowania miejsca.Przyjmujemy ju\u017c zapisy na wrzesie\u0144 2026 \ud83d\ude42 Telefon + 48 697 978 316 Adresul. Macieja Palacza 120e\/1 Pozna\u0144 60-278 Emailkontakt@opiekadziennapoznan.pl<\/p>\n","protected":false},"author":1,"featured_media":0,"parent":0,"menu_order":0,"comment_status":"closed","ping_status":"closed","template":"","meta":{"_breakdance_hide_in_design_set":false,"_breakdance_tags":"","footnotes":""},"class_list":["post-82","page","type-page","status-publish","hentry"],"_links":{"self":[{"href":"https:\/\/opiekadziennapoznan.pl\/index.php\/wp-json\/wp\/v2\/pages\/82","targetHints":{"allow":["GET"]}}],"collection":[{"href":"https:\/\/opiekadziennapoznan.pl\/index.php\/wp-json\/wp\/v2\/pages"}],"about":[{"href":"https:\/\/opiekadziennapoznan.pl\/index.php\/wp-json\/wp\/v2\/types\/page"}],"author":[{"embeddable":true,"href":"https:\/\/opiekadziennapoznan.pl\/index.php\/wp-json\/wp\/v2\/users\/1"}],"replies":[{"embeddable":true,"href":"https:\/\/opiekadziennapoznan.pl\/index.php\/wp-json\/wp\/v2\/comments?post=82"}],"version-history":[{"count":7,"href":"https:\/\/opiekadziennapoznan.pl\/index.php\/wp-json\/wp\/v2\/pages\/82\/revisions"}],"predecessor-version":[{"id":164,"href":"https:\/\/opiekadziennapoznan.pl\/index.php\/wp-json\/wp\/v2\/pages\/82\/revisions\/164"}],"wp:attachment":[{"href":"https:\/\/opiekadziennapoznan.pl\/index.php\/wp-json\/wp\/v2\/media?parent=82"}],"curies":[{"name":"wp","href":"https:\/\/api.w.org\/{rel}","templated":true}]}}